{"id":3399,"date":"2025-04-07T11:25:32","date_gmt":"2025-04-07T11:25:32","guid":{"rendered":"https:\/\/n-vet.se\/nyheter-2\/"},"modified":"2025-04-10T10:31:08","modified_gmt":"2025-04-10T10:31:08","slug":"news","status":"publish","type":"page","link":"https:\/\/n-vet.se\/en\/news\/","title":{"rendered":"News"},"content":{"rendered":"\t\t<div data-elementor-type=\"wp-page\" data-elementor-id=\"3399\" class=\"elementor elementor-3399 elementor-3258\" data-elementor-post-type=\"page\">\n\t\t\t\t<div class=\"elementor-element elementor-element-b548bcd e-con-full e-flex e-con e-parent\" data-id=\"b548bcd\" data-element_type=\"container\" data-settings=\"{&quot;background_background&quot;:&quot;gradient&quot;}\">\n\t\t<div class=\"elementor-element elementor-element-2dd91d0 e-con-full e-flex e-con e-child\" data-id=\"2dd91d0\" data-element_type=\"container\">\n\t\t\t\t<div class=\"elementor-element elementor-element-8afb0c2 gradient-text elementor-widget elementor-widget-heading\" data-id=\"8afb0c2\" data-element_type=\"widget\" data-widget_type=\"heading.default\">\n\t\t\t\t\t<h1 class=\"elementor-heading-title elementor-size-default\">News<\/h1>\t\t\t\t<\/div>\n\t\t\t\t<\/div>\n\t\t<div class=\"elementor-element elementor-element-6016838 e-con-full elementor-hidden-mobile e-flex e-con e-child\" data-id=\"6016838\" data-element_type=\"container\" data-settings=\"{&quot;background_background&quot;:&quot;classic&quot;}\">\n\t\t\t\t<\/div>\n\t\t\t\t<\/div>\n\t\t<div class=\"elementor-element elementor-element-766459d e-flex e-con-boxed e-con e-parent\" data-id=\"766459d\" data-element_type=\"container\" data-settings=\"{&quot;background_background&quot;:&quot;classic&quot;}\">\n\t\t\t\t\t<div class=\"e-con-inner\">\n\t\t<div class=\"elementor-element elementor-element-c60de41 e-con-full e-flex e-con e-child\" data-id=\"c60de41\" data-element_type=\"container\">\n\t\t<a class=\"elementor-element elementor-element-4011227 e-con-full e-transform e-flex e-con e-child\" data-id=\"4011227\" data-element_type=\"container\" data-settings=\"{&quot;background_background&quot;:&quot;classic&quot;,&quot;_transform_translateY_effect_hover&quot;:{&quot;unit&quot;:&quot;px&quot;,&quot;size&quot;:-4,&quot;sizes&quot;:[]},&quot;_transform_translateX_effect_hover&quot;:{&quot;unit&quot;:&quot;px&quot;,&quot;size&quot;:&quot;&quot;,&quot;sizes&quot;:[]},&quot;_transform_translateX_effect_hover_tablet&quot;:{&quot;unit&quot;:&quot;px&quot;,&quot;size&quot;:&quot;&quot;,&quot;sizes&quot;:[]},&quot;_transform_translateX_effect_hover_mobile&quot;:{&quot;unit&quot;:&quot;px&quot;,&quot;size&quot;:&quot;&quot;,&quot;sizes&quot;:[]},&quot;_transform_translateY_effect_hover_tablet&quot;:{&quot;unit&quot;:&quot;px&quot;,&quot;size&quot;:&quot;&quot;,&quot;sizes&quot;:[]},&quot;_transform_translateY_effect_hover_mobile&quot;:{&quot;unit&quot;:&quot;px&quot;,&quot;size&quot;:&quot;&quot;,&quot;sizes&quot;:[]}}\" href=\"https:\/\/n-vet.se\/wp-content\/uploads\/2025\/04\/N-vet-Brev_Not-Faravmaskning-Hast-Ny_2025.pdf\" target=\"_blank\">\n\t\t\t\t<div class=\"elementor-element elementor-element-8d1d1e1 elementor-widget elementor-widget-image\" data-id=\"8d1d1e1\" data-element_type=\"widget\" data-widget_type=\"image.default\">\n\t\t\t\t\t\t\t\t\t\t\t\t\t\t\t<img fetchpriority=\"high\" decoding=\"async\" width=\"648\" height=\"300\" src=\"https:\/\/n-vet.se\/wp-content\/uploads\/2025\/04\/image001.webp\" class=\"attachment-large size-large wp-image-3166\" alt=\"\" srcset=\"https:\/\/n-vet.se\/wp-content\/uploads\/2025\/04\/image001.webp 648w, https:\/\/n-vet.se\/wp-content\/uploads\/2025\/04\/image001-300x139.webp 300w\" sizes=\"(max-width: 648px) 100vw, 648px\" \/>\t\t\t\t\t\t\t\t\t\t\t\t\t\t\t<\/div>\n\t\t\t\t<div class=\"elementor-element elementor-element-5aa7e72 elementor-icon-list--layout-traditional elementor-list-item-link-full_width elementor-widget elementor-widget-icon-list\" data-id=\"5aa7e72\" data-element_type=\"widget\" data-widget_type=\"icon-list.default\">\n\t\t\t\t\t\t\t<ul class=\"elementor-icon-list-items\">\n\t\t\t\t\t\t\t<li class=\"elementor-icon-list-item\">\n\t\t\t\t\t\t\t\t\t\t\t<span class=\"elementor-icon-list-icon\">\n\t\t\t\t\t\t\t<svg aria-hidden=\"true\" class=\"e-font-icon-svg e-far-calendar-alt\" viewBox=\"0 0 448 512\" xmlns=\"http:\/\/www.w3.org\/2000\/svg\"><path d=\"M148 288h-40c-6.6 0-12-5.4-12-12v-40c0-6.6 5.4-12 12-12h40c6.6 0 12 5.4 12 12v40c0 6.6-5.4 12-12 12zm108-12v-40c0-6.6-5.4-12-12-12h-40c-6.6 0-12 5.4-12 12v40c0 6.6 5.4 12 12 12h40c6.6 0 12-5.4 12-12zm96 0v-40c0-6.6-5.4-12-12-12h-40c-6.6 0-12 5.4-12 12v40c0 6.6 5.4 12 12 12h40c6.6 0 12-5.4 12-12zm-96 96v-40c0-6.6-5.4-12-12-12h-40c-6.6 0-12 5.4-12 12v40c0 6.6 5.4 12 12 12h40c6.6 0 12-5.4 12-12zm-96 0v-40c0-6.6-5.4-12-12-12h-40c-6.6 0-12 5.4-12 12v40c0 6.6 5.4 12 12 12h40c6.6 0 12-5.4 12-12zm192 0v-40c0-6.6-5.4-12-12-12h-40c-6.6 0-12 5.4-12 12v40c0 6.6 5.4 12 12 12h40c6.6 0 12-5.4 12-12zm96-260v352c0 26.5-21.5 48-48 48H48c-26.5 0-48-21.5-48-48V112c0-26.5 21.5-48 48-48h48V12c0-6.6 5.4-12 12-12h40c6.6 0 12 5.4 12 12v52h128V12c0-6.6 5.4-12 12-12h40c6.6 0 12 5.4 12 12v52h48c26.5 0 48 21.5 48 48zm-48 346V160H48v298c0 3.3 2.7 6 6 6h340c3.3 0 6-2.7 6-6z\"><\/path><\/svg>\t\t\t\t\t\t<\/span>\n\t\t\t\t\t\t\t\t\t\t<span class=\"elementor-icon-list-text\">9 April 2025<\/span>\n\t\t\t\t\t\t\t\t\t<\/li>\n\t\t\t\t\t\t<\/ul>\n\t\t\t\t\t\t<\/div>\n\t\t\t\t<div class=\"elementor-element elementor-element-cb8b743 elementor-widget elementor-widget-heading\" data-id=\"cb8b743\" data-element_type=\"widget\" data-widget_type=\"heading.default\">\n\t\t\t\t\t<h3 class=\"elementor-heading-title elementor-size-default\">V\u00e4lkommen till v\u00e5rt webbinarie, i samarbete med SVA, om\n\nAvmaskning N\u00f6t &amp; F\u00e5r, vad ska vi t\u00e4nka\n\np\u00e5 inf\u00f6r betess\u00e4songen?<\/h3>\t\t\t\t<\/div>\n\t\t\t\t<\/a>\n\t\t<a class=\"elementor-element elementor-element-ea3a42f e-con-full e-transform e-flex e-con e-child\" data-id=\"ea3a42f\" data-element_type=\"container\" data-settings=\"{&quot;background_background&quot;:&quot;classic&quot;,&quot;_transform_translateY_effect_hover&quot;:{&quot;unit&quot;:&quot;px&quot;,&quot;size&quot;:-4,&quot;sizes&quot;:[]},&quot;_transform_translateX_effect_hover&quot;:{&quot;unit&quot;:&quot;px&quot;,&quot;size&quot;:&quot;&quot;,&quot;sizes&quot;:[]},&quot;_transform_translateX_effect_hover_tablet&quot;:{&quot;unit&quot;:&quot;px&quot;,&quot;size&quot;:&quot;&quot;,&quot;sizes&quot;:[]},&quot;_transform_translateX_effect_hover_mobile&quot;:{&quot;unit&quot;:&quot;px&quot;,&quot;size&quot;:&quot;&quot;,&quot;sizes&quot;:[]},&quot;_transform_translateY_effect_hover_tablet&quot;:{&quot;unit&quot;:&quot;px&quot;,&quot;size&quot;:&quot;&quot;,&quot;sizes&quot;:[]},&quot;_transform_translateY_effect_hover_mobile&quot;:{&quot;unit&quot;:&quot;px&quot;,&quot;size&quot;:&quot;&quot;,&quot;sizes&quot;:[]}}\" href=\"https:\/\/n-vet.se\/wp-content\/uploads\/2025\/04\/N-vet-Brev_Not-Faravmaskning-Hast-Ny_2025.pdf\" target=\"_blank\">\n\t\t\t\t<div class=\"elementor-element elementor-element-55359ae elementor-widget elementor-widget-image\" data-id=\"55359ae\" data-element_type=\"widget\" data-widget_type=\"image.default\">\n\t\t\t\t\t\t\t\t\t\t\t\t\t\t\t<img decoding=\"async\" width=\"800\" height=\"529\" src=\"https:\/\/n-vet.se\/wp-content\/uploads\/2025\/04\/Charolaise-1024x677.webp\" class=\"attachment-large size-large wp-image-3164\" alt=\"\" srcset=\"https:\/\/n-vet.se\/wp-content\/uploads\/2025\/04\/Charolaise-1024x677.webp 1024w, https:\/\/n-vet.se\/wp-content\/uploads\/2025\/04\/Charolaise-300x198.webp 300w, https:\/\/n-vet.se\/wp-content\/uploads\/2025\/04\/Charolaise-768x507.webp 768w, https:\/\/n-vet.se\/wp-content\/uploads\/2025\/04\/Charolaise.webp 1058w\" sizes=\"(max-width: 800px) 100vw, 800px\" \/>\t\t\t\t\t\t\t\t\t\t\t\t\t\t\t<\/div>\n\t\t\t\t<div class=\"elementor-element elementor-element-a271723 elementor-icon-list--layout-traditional elementor-list-item-link-full_width elementor-widget elementor-widget-icon-list\" data-id=\"a271723\" data-element_type=\"widget\" data-widget_type=\"icon-list.default\">\n\t\t\t\t\t\t\t<ul class=\"elementor-icon-list-items\">\n\t\t\t\t\t\t\t<li class=\"elementor-icon-list-item\">\n\t\t\t\t\t\t\t\t\t\t\t<span class=\"elementor-icon-list-icon\">\n\t\t\t\t\t\t\t<svg aria-hidden=\"true\" class=\"e-font-icon-svg e-far-calendar-alt\" viewBox=\"0 0 448 512\" xmlns=\"http:\/\/www.w3.org\/2000\/svg\"><path d=\"M148 288h-40c-6.6 0-12-5.4-12-12v-40c0-6.6 5.4-12 12-12h40c6.6 0 12 5.4 12 12v40c0 6.6-5.4 12-12 12zm108-12v-40c0-6.6-5.4-12-12-12h-40c-6.6 0-12 5.4-12 12v40c0 6.6 5.4 12 12 12h40c6.6 0 12-5.4 12-12zm96 0v-40c0-6.6-5.4-12-12-12h-40c-6.6 0-12 5.4-12 12v40c0 6.6 5.4 12 12 12h40c6.6 0 12-5.4 12-12zm-96 96v-40c0-6.6-5.4-12-12-12h-40c-6.6 0-12 5.4-12 12v40c0 6.6 5.4 12 12 12h40c6.6 0 12-5.4 12-12zm-96 0v-40c0-6.6-5.4-12-12-12h-40c-6.6 0-12 5.4-12 12v40c0 6.6 5.4 12 12 12h40c6.6 0 12-5.4 12-12zm192 0v-40c0-6.6-5.4-12-12-12h-40c-6.6 0-12 5.4-12 12v40c0 6.6 5.4 12 12 12h40c6.6 0 12-5.4 12-12zm96-260v352c0 26.5-21.5 48-48 48H48c-26.5 0-48-21.5-48-48V112c0-26.5 21.5-48 48-48h48V12c0-6.6 5.4-12 12-12h40c6.6 0 12 5.4 12 12v52h128V12c0-6.6 5.4-12 12-12h40c6.6 0 12 5.4 12 12v52h48c26.5 0 48 21.5 48 48zm-48 346V160H48v298c0 3.3 2.7 6 6 6h340c3.3 0 6-2.7 6-6z\"><\/path><\/svg>\t\t\t\t\t\t<\/span>\n\t\t\t\t\t\t\t\t\t\t<span class=\"elementor-icon-list-text\">10 April 2025<\/span>\n\t\t\t\t\t\t\t\t\t<\/li>\n\t\t\t\t\t\t<\/ul>\n\t\t\t\t\t\t<\/div>\n\t\t\t\t<div class=\"elementor-element elementor-element-e551222 elementor-widget elementor-widget-heading\" data-id=\"e551222\" data-element_type=\"widget\" data-widget_type=\"heading.default\">\n\t\t\t\t\t<h3 class=\"elementor-heading-title elementor-size-default\">V\u00e4lkommen till v\u00e5rt webbinarie, i samarbete med SVA, om\n\nAvmaskning h\u00e4st, vad ska vi t\u00e4nka\n\np\u00e5 inf\u00f6r betess\u00e4songen?<\/h3>\t\t\t\t<\/div>\n\t\t\t\t<\/a>\n\t\t\t\t<\/div>\n\t\t\t\t\t<\/div>\n\t\t\t\t<\/div>\n\t\t\t\t<\/div>\n\t\t","protected":false},"excerpt":{"rendered":"<p>News 9 April 2025 V\u00e4lkommen till v\u00e5rt webbinarie, i samarbete med SVA, om Avmaskning N\u00f6t &#038; F\u00e5r, vad ska vi t\u00e4nka p\u00e5 inf\u00f6r betess\u00e4songen? 10 April 2025 V\u00e4lkommen till v\u00e5rt webbinarie, i samarbete med SVA, om Avmaskning h\u00e4st, vad ska vi t\u00e4nka p\u00e5 inf\u00f6r betess\u00e4songen?<\/p>\n","protected":false},"author":1,"featured_media":0,"parent":0,"menu_order":0,"comment_status":"closed","ping_status":"closed","template":"","meta":{"_acf_changed":false,"footnotes":""},"class_list":["post-3399","page","type-page","status-publish","hentry"],"acf":[],"yoast_head":"<!-- This site is optimized with the Yoast SEO plugin v25.6 - https:\/\/yoast.com\/wordpress\/plugins\/seo\/ -->\n<title>News - Alivira Sweden | N-Vet<\/title>\n<meta name=\"robots\" content=\"index, follow, max-snippet:-1, max-image-preview:large, max-video-preview:-1\" \/>\n<link rel=\"canonical\" href=\"https:\/\/n-vet.se\/nyheter\/\" \/>\n<meta property=\"og:locale\" content=\"en_US\" \/>\n<meta property=\"og:type\" content=\"article\" \/>\n<meta property=\"og:title\" content=\"News - Alivira Sweden | N-Vet\" \/>\n<meta property=\"og:description\" content=\"News 9 April 2025 V\u00e4lkommen till v\u00e5rt webbinarie, i samarbete med SVA, om Avmaskning N\u00f6t &#038; F\u00e5r, vad ska vi t\u00e4nka p\u00e5 inf\u00f6r betess\u00e4songen? 10 April 2025 V\u00e4lkommen till v\u00e5rt webbinarie, i samarbete med SVA, om Avmaskning h\u00e4st, vad ska vi t\u00e4nka p\u00e5 inf\u00f6r betess\u00e4songen?\" \/>\n<meta property=\"og:url\" content=\"https:\/\/n-vet.se\/nyheter\/\" \/>\n<meta property=\"og:site_name\" content=\"Alivira Sweden | N-Vet\" \/>\n<meta property=\"article:modified_time\" content=\"2025-04-10T10:31:08+00:00\" \/>\n<meta property=\"og:image\" content=\"https:\/\/n-vet.se\/wp-content\/uploads\/2025\/04\/image001.webp\" \/>\n\t<meta property=\"og:image:width\" content=\"648\" \/>\n\t<meta property=\"og:image:height\" content=\"300\" \/>\n\t<meta property=\"og:image:type\" content=\"image\/webp\" \/>\n<meta name=\"twitter:card\" content=\"summary_large_image\" \/>\n<meta name=\"twitter:label1\" content=\"Est. reading time\" \/>\n\t<meta name=\"twitter:data1\" content=\"1 minute\" \/>\n<script type=\"application\/ld+json\" class=\"yoast-schema-graph\">{\"@context\":\"https:\/\/schema.org\",\"@graph\":[{\"@type\":\"WebPage\",\"@id\":\"https:\/\/n-vet.se\/nyheter\/\",\"url\":\"https:\/\/n-vet.se\/nyheter\/\",\"name\":\"News - Alivira Sweden | N-Vet\",\"isPartOf\":{\"@id\":\"https:\/\/n-vet.se\/#website\"},\"primaryImageOfPage\":{\"@id\":\"https:\/\/n-vet.se\/nyheter\/#primaryimage\"},\"image\":{\"@id\":\"https:\/\/n-vet.se\/nyheter\/#primaryimage\"},\"thumbnailUrl\":\"https:\/\/n-vet.se\/wp-content\/uploads\/2025\/04\/image001.webp\",\"datePublished\":\"2025-04-07T11:25:32+00:00\",\"dateModified\":\"2025-04-10T10:31:08+00:00\",\"breadcrumb\":{\"@id\":\"https:\/\/n-vet.se\/nyheter\/#breadcrumb\"},\"inLanguage\":\"en-US\",\"potentialAction\":[{\"@type\":\"ReadAction\",\"target\":[\"https:\/\/n-vet.se\/nyheter\/\"]}]},{\"@type\":\"ImageObject\",\"inLanguage\":\"en-US\",\"@id\":\"https:\/\/n-vet.se\/nyheter\/#primaryimage\",\"url\":\"https:\/\/n-vet.se\/wp-content\/uploads\/2025\/04\/image001.webp\",\"contentUrl\":\"https:\/\/n-vet.se\/wp-content\/uploads\/2025\/04\/image001.webp\"},{\"@type\":\"BreadcrumbList\",\"@id\":\"https:\/\/n-vet.se\/nyheter\/#breadcrumb\",\"itemListElement\":[{\"@type\":\"ListItem\",\"position\":1,\"name\":\"Home\",\"item\":\"https:\/\/n-vet.se\/\"},{\"@type\":\"ListItem\",\"position\":2,\"name\":\"News\"}]},{\"@type\":\"WebSite\",\"@id\":\"https:\/\/n-vet.se\/#website\",\"url\":\"https:\/\/n-vet.se\/\",\"name\":\"Alivira Sweden | N-Vet\",\"description\":\"\",\"potentialAction\":[{\"@type\":\"SearchAction\",\"target\":{\"@type\":\"EntryPoint\",\"urlTemplate\":\"https:\/\/n-vet.se\/?s={search_term_string}\"},\"query-input\":{\"@type\":\"PropertyValueSpecification\",\"valueRequired\":true,\"valueName\":\"search_term_string\"}}],\"inLanguage\":\"en-US\"}]}<\/script>\n<!-- \/ Yoast SEO plugin. -->","yoast_head_json":{"title":"News - Alivira Sweden | N-Vet","robots":{"index":"index","follow":"follow","max-snippet":"max-snippet:-1","max-image-preview":"max-image-preview:large","max-video-preview":"max-video-preview:-1"},"canonical":"https:\/\/n-vet.se\/nyheter\/","og_locale":"en_US","og_type":"article","og_title":"News - Alivira Sweden | N-Vet","og_description":"News 9 April 2025 V\u00e4lkommen till v\u00e5rt webbinarie, i samarbete med SVA, om Avmaskning N\u00f6t &#038; F\u00e5r, vad ska vi t\u00e4nka p\u00e5 inf\u00f6r betess\u00e4songen? 10 April 2025 V\u00e4lkommen till v\u00e5rt webbinarie, i samarbete med SVA, om Avmaskning h\u00e4st, vad ska vi t\u00e4nka p\u00e5 inf\u00f6r betess\u00e4songen?","og_url":"https:\/\/n-vet.se\/nyheter\/","og_site_name":"Alivira Sweden | N-Vet","article_modified_time":"2025-04-10T10:31:08+00:00","og_image":[{"width":648,"height":300,"url":"https:\/\/n-vet.se\/wp-content\/uploads\/2025\/04\/image001.webp","type":"image\/webp"}],"twitter_card":"summary_large_image","twitter_misc":{"Est. reading time":"1 minute"},"schema":{"@context":"https:\/\/schema.org","@graph":[{"@type":"WebPage","@id":"https:\/\/n-vet.se\/nyheter\/","url":"https:\/\/n-vet.se\/nyheter\/","name":"News - Alivira Sweden | N-Vet","isPartOf":{"@id":"https:\/\/n-vet.se\/#website"},"primaryImageOfPage":{"@id":"https:\/\/n-vet.se\/nyheter\/#primaryimage"},"image":{"@id":"https:\/\/n-vet.se\/nyheter\/#primaryimage"},"thumbnailUrl":"https:\/\/n-vet.se\/wp-content\/uploads\/2025\/04\/image001.webp","datePublished":"2025-04-07T11:25:32+00:00","dateModified":"2025-04-10T10:31:08+00:00","breadcrumb":{"@id":"https:\/\/n-vet.se\/nyheter\/#breadcrumb"},"inLanguage":"en-US","potentialAction":[{"@type":"ReadAction","target":["https:\/\/n-vet.se\/nyheter\/"]}]},{"@type":"ImageObject","inLanguage":"en-US","@id":"https:\/\/n-vet.se\/nyheter\/#primaryimage","url":"https:\/\/n-vet.se\/wp-content\/uploads\/2025\/04\/image001.webp","contentUrl":"https:\/\/n-vet.se\/wp-content\/uploads\/2025\/04\/image001.webp"},{"@type":"BreadcrumbList","@id":"https:\/\/n-vet.se\/nyheter\/#breadcrumb","itemListElement":[{"@type":"ListItem","position":1,"name":"Home","item":"https:\/\/n-vet.se\/"},{"@type":"ListItem","position":2,"name":"News"}]},{"@type":"WebSite","@id":"https:\/\/n-vet.se\/#website","url":"https:\/\/n-vet.se\/","name":"Alivira Sweden | N-Vet","description":"","potentialAction":[{"@type":"SearchAction","target":{"@type":"EntryPoint","urlTemplate":"https:\/\/n-vet.se\/?s={search_term_string}"},"query-input":{"@type":"PropertyValueSpecification","valueRequired":true,"valueName":"search_term_string"}}],"inLanguage":"en-US"}]}},"_links":{"self":[{"href":"https:\/\/n-vet.se\/en\/wp-json\/wp\/v2\/pages\/3399","targetHints":{"allow":["GET"]}}],"collection":[{"href":"https:\/\/n-vet.se\/en\/wp-json\/wp\/v2\/pages"}],"about":[{"href":"https:\/\/n-vet.se\/en\/wp-json\/wp\/v2\/types\/page"}],"author":[{"embeddable":true,"href":"https:\/\/n-vet.se\/en\/wp-json\/wp\/v2\/users\/1"}],"replies":[{"embeddable":true,"href":"https:\/\/n-vet.se\/en\/wp-json\/wp\/v2\/comments?post=3399"}],"version-history":[{"count":11,"href":"https:\/\/n-vet.se\/en\/wp-json\/wp\/v2\/pages\/3399\/revisions"}],"predecessor-version":[{"id":3414,"href":"https:\/\/n-vet.se\/en\/wp-json\/wp\/v2\/pages\/3399\/revisions\/3414"}],"wp:attachment":[{"href":"https:\/\/n-vet.se\/en\/wp-json\/wp\/v2\/media?parent=3399"}],"curies":[{"name":"wp","href":"https:\/\/api.w.org\/{rel}","templated":true}]}}